{"id":7013,"date":"2022-06-17T23:15:12","date_gmt":"2022-06-17T23:15:12","guid":{"rendered":"https:\/\/www.fmongen.org\/?page_id=7013"},"modified":"2023-06-10T18:58:57","modified_gmt":"2023-06-10T18:58:57","slug":"about-us","status":"publish","type":"page","link":"https:\/\/www.fmongen.org\/?page_id=7013&lang=en","title":{"rendered":"About us"},"content":{"rendered":"\t\t<div data-elementor-type=\"wp-page\" data-elementor-id=\"7013\" class=\"elementor elementor-7013\">\n\t\t\t\t\t\t<div class=\"elementor-inner\">\n\t\t\t\t<div class=\"elementor-section-wrap\">\n\t\t\t\t\t\t\t\t\t<section class=\"elementor-section elementor-top-section elementor-element elementor-element-229b3cc elementor-section-height-min-height elementor-section-content-middle elementor-reverse-mobile elementor-section-boxed elementor-section-height-default elementor-section-items-middle\" data-id=\"229b3cc\" data-element_type=\"section\" data-settings=\"{&quot;background_background&quot;:&quot;classic&quot;}\">\n\t\t\t\t\t\t<div class=\"elementor-container elementor-column-gap-no\">\n\t\t\t\t\t\t\t<div class=\"elementor-row\">\n\t\t\t\t\t<div class=\"elementor-column elementor-col-50 elementor-top-column elementor-element elementor-element-09137f7 elementor-invisible\" data-id=\"09137f7\" data-element_type=\"column\" data-settings=\"{&quot;animation&quot;:&quot;fadeInUp&quot;}\">\n\t\t\t<div class=\"elementor-column-wrap elementor-element-populated\">\n\t\t\t\t\t\t\t<div class=\"elementor-widget-wrap\">\n\t\t\t\t\t\t<div class=\"elementor-element elementor-element-8a274d5 elementor-widget elementor-widget-heading\" data-id=\"8a274d5\" data-element_type=\"widget\" data-widget_type=\"heading.default\">\n\t\t\t\t<div class=\"elementor-widget-container\">\n\t\t\t<h1 class=\"elementor-heading-title elementor-size-default\">Mongen Foundation<\/h1>\t\t<\/div>\n\t\t\t\t<\/div>\n\t\t\t\t<div class=\"elementor-element elementor-element-41395f4 elementor-widget elementor-widget-text-editor\" data-id=\"41395f4\" data-element_type=\"widget\" data-widget_type=\"text-editor.default\">\n\t\t\t\t<div class=\"elementor-widget-container\">\n\t\t\t\t\t\t\t\t<div class=\"elementor-text-editor elementor-clearfix\">\n\t\t\t\t<p style=\"font-weight: 400;\">Mongen is a word that in Mapudungun (mapuche language) means life and life comes from the diversity between living lifeforms.<\/p><p style=\"font-weight: 400;\">Biodiversity is life!<\/p>\t\t\t\t\t<\/div>\n\t\t\t\t\t\t<\/div>\n\t\t\t\t<\/div>\n\t\t\t\t\t\t<\/div>\n\t\t\t\t\t<\/div>\n\t\t<\/div>\n\t\t\t\t<div class=\"elementor-column elementor-col-50 elementor-top-column elementor-element elementor-element-1046b3a\" data-id=\"1046b3a\" data-element_type=\"column\">\n\t\t\t<div class=\"elementor-column-wrap\">\n\t\t\t\t\t\t\t<div class=\"elementor-widget-wrap\">\n\t\t\t\t\t\t\t\t<\/div>\n\t\t\t\t\t<\/div>\n\t\t<\/div>\n\t\t\t\t\t\t\t\t<\/div>\n\t\t\t\t\t<\/div>\n\t\t<\/section>\n\t\t\t\t<section class=\"elementor-section elementor-top-section elementor-element elementor-element-f5b9f0e elementor-section-content-middle elementor-section-boxed elementor-section-height-default elementor-section-height-default\" data-id=\"f5b9f0e\" data-element_type=\"section\" data-settings=\"{&quot;background_background&quot;:&quot;classic&quot;}\">\n\t\t\t\t\t\t<div class=\"elementor-container elementor-column-gap-no\">\n\t\t\t\t\t\t\t<div class=\"elementor-row\">\n\t\t\t\t\t<div class=\"elementor-column elementor-col-50 elementor-top-column elementor-element elementor-element-78d33c6\" data-id=\"78d33c6\" data-element_type=\"column\">\n\t\t\t<div class=\"elementor-column-wrap elementor-element-populated\">\n\t\t\t\t\t\t\t<div class=\"elementor-widget-wrap\">\n\t\t\t\t\t\t<div class=\"elementor-element elementor-element-af5f121 elementor-widget elementor-widget-spacer\" data-id=\"af5f121\" data-element_type=\"widget\" data-widget_type=\"spacer.default\">\n\t\t\t\t<div class=\"elementor-widget-container\">\n\t\t\t\t\t<div class=\"elementor-spacer\">\n\t\t\t<div class=\"elementor-spacer-inner\"><\/div>\n\t\t<\/div>\n\t\t\t\t<\/div>\n\t\t\t\t<\/div>\n\t\t\t\t<div class=\"elementor-element elementor-element-07a1142 elementor-widget elementor-widget-heading\" data-id=\"07a1142\" data-element_type=\"widget\" data-widget_type=\"heading.default\">\n\t\t\t\t<div class=\"elementor-widget-container\">\n\t\t\t<h2 class=\"elementor-heading-title elementor-size-default\">About us<\/h2>\t\t<\/div>\n\t\t\t\t<\/div>\n\t\t\t\t<div class=\"elementor-element elementor-element-bb6c4de elementor-widget elementor-widget-text-editor\" data-id=\"bb6c4de\" data-element_type=\"widget\" data-widget_type=\"text-editor.default\">\n\t\t\t\t<div class=\"elementor-widget-container\">\n\t\t\t\t\t\t\t\t<div class=\"elementor-text-editor elementor-clearfix\">\n\t\t\t\t<p>From an etymological point of view, ecology means the study of the home and in scientific terms it is the study of the interactions determining the distribution and abundance of organisms.<\/p><p>For this reason it is essential to monitor all dimensions of biodiversity in operational terms considering its different levels (genes, species and ecosystems) and attributes (composition, structure and function)<\/p><p>Our main reason for existing is to conserve biodiversity and its ecosystems, build resilience and work to support the health and function of habitats, organisms and their ecosystemical process.<\/p>\t\t\t\t\t<\/div>\n\t\t\t\t\t\t<\/div>\n\t\t\t\t<\/div>\n\t\t\t\t<div class=\"elementor-element elementor-element-08f9956 elementor-align-left elementor-widget elementor-widget-button\" data-id=\"08f9956\" data-element_type=\"widget\" data-widget_type=\"button.default\">\n\t\t\t\t<div class=\"elementor-widget-container\">\n\t\t\t\t\t<div class=\"elementor-button-wrapper\">\n\t\t\t<a href=\"https:\/\/www.fmongen.org\/en\/what-we-do\/\" class=\"elementor-button-link elementor-button elementor-size-lg elementor-animation-pulse\" role=\"button\">\n\t\t\t\t\t\t<span class=\"elementor-button-content-wrapper\">\n\t\t\t\t\t\t<span class=\"elementor-button-text\">How do we do it?<\/span>\n\t\t<\/span>\n\t\t\t\t\t<\/a>\n\t\t<\/div>\n\t\t\t\t<\/div>\n\t\t\t\t<\/div>\n\t\t\t\t\t\t<\/div>\n\t\t\t\t\t<\/div>\n\t\t<\/div>\n\t\t\t\t<div class=\"elementor-column elementor-col-50 elementor-top-column elementor-element elementor-element-f95820a\" data-id=\"f95820a\" data-element_type=\"column\" data-settings=\"{&quot;background_background&quot;:&quot;classic&quot;}\">\n\t\t\t<div class=\"elementor-column-wrap elementor-element-populated\">\n\t\t\t\t\t\t\t<div class=\"elementor-widget-wrap\">\n\t\t\t\t\t\t<div class=\"elementor-element elementor-element-4131fb1 elementor-widget elementor-widget-image\" data-id=\"4131fb1\" data-element_type=\"widget\" data-widget_type=\"image.default\">\n\t\t\t\t<div class=\"elementor-widget-container\">\n\t\t\t\t\t\t\t\t<div class=\"elementor-image\">\n\t\t\t\t\t\t\t\t\t\t\t\t<img loading=\"lazy\" decoding=\"async\" width=\"800\" height=\"532\" src=\"https:\/\/www.fmongen.org\/wp-content\/uploads\/2022\/09\/mongen.jpg-1024x681.webp\" class=\"attachment-large size-large\" alt=\"\" srcset=\"https:\/\/www.fmongen.org\/wp-content\/uploads\/2022\/09\/mongen.jpg-1024x681.webp 1024w, https:\/\/www.fmongen.org\/wp-content\/uploads\/2022\/09\/mongen.jpg-300x200.webp 300w, https:\/\/www.fmongen.org\/wp-content\/uploads\/2022\/09\/mongen.jpg-768x511.webp 768w, https:\/\/www.fmongen.org\/wp-content\/uploads\/2022\/09\/mongen.jpg-1536x1021.webp 1536w, https:\/\/www.fmongen.org\/wp-content\/uploads\/2022\/09\/mongen.jpg.webp 2000w\" sizes=\"auto, (max-width: 800px) 100vw, 800px\" \/>\t\t\t\t\t\t\t\t\t\t\t\t\t\t<\/div>\n\t\t\t\t\t\t<\/div>\n\t\t\t\t<\/div>\n\t\t\t\t<div class=\"elementor-element elementor-element-49481cb elementor-widget elementor-widget-text-editor\" data-id=\"49481cb\" data-element_type=\"widget\" data-widget_type=\"text-editor.default\">\n\t\t\t\t<div class=\"elementor-widget-container\">\n\t\t\t\t\t\t\t\t<div class=\"elementor-text-editor elementor-clearfix\">\n\t\t\t\t<p><strong>Seba Calfuqueo, artista visual.<\/strong><\/p>\t\t\t\t\t<\/div>\n\t\t\t\t\t\t<\/div>\n\t\t\t\t<\/div>\n\t\t\t\t<div class=\"elementor-element elementor-element-18a2f48 elementor-widget elementor-widget-text-editor\" data-id=\"18a2f48\" data-element_type=\"widget\" data-widget_type=\"text-editor.default\">\n\t\t\t\t<div class=\"elementor-widget-container\">\n\t\t\t\t\t\t\t\t<div class=\"elementor-text-editor elementor-clearfix\">\n\t\t\t\t<p><strong>Serie Esporas<br \/><\/strong>(2021) Fotograf\u00edas, diversas dimensiones.<br \/>La serie espora se compone de 5 fotograf\u00edas de diversos formatos que nos presentan la fusi\u00f3n del cuerpo humano con distintos elementos vivos: L\u00edquenes, musgos, piedras y tierra.<\/p>\t\t\t\t\t<\/div>\n\t\t\t\t\t\t<\/div>\n\t\t\t\t<\/div>\n\t\t\t\t<div class=\"elementor-element elementor-element-2c99d83 elementor-widget elementor-widget-heading\" data-id=\"2c99d83\" data-element_type=\"widget\" data-widget_type=\"heading.default\">\n\t\t\t\t<div class=\"elementor-widget-container\">\n\t\t\t<h2 class=\"elementor-heading-title elementor-size-default\"><a href=\"https:\/\/sebastiancalfuqueo.com\" target=\"_blank\" rel=\"nofollow\">https:\/\/sebastiancalfuqueo.com<\/a><\/h2>\t\t<\/div>\n\t\t\t\t<\/div>\n\t\t\t\t\t\t<\/div>\n\t\t\t\t\t<\/div>\n\t\t<\/div>\n\t\t\t\t\t\t\t\t<\/div>\n\t\t\t\t\t<\/div>\n\t\t<\/section>\n\t\t\t\t<section class=\"elementor-section elementor-top-section elementor-element elementor-element-9f0383f elementor-section-content-middle elementor-section-boxed elementor-section-height-default elementor-section-height-default\" data-id=\"9f0383f\" data-element_type=\"section\" data-settings=\"{&quot;background_background&quot;:&quot;classic&quot;}\">\n\t\t\t\t\t\t<div class=\"elementor-container elementor-column-gap-no\">\n\t\t\t\t\t\t\t<div class=\"elementor-row\">\n\t\t\t\t\t<div class=\"elementor-column elementor-col-50 elementor-top-column elementor-element elementor-element-06a82bf\" data-id=\"06a82bf\" data-element_type=\"column\">\n\t\t\t<div class=\"elementor-column-wrap elementor-element-populated\">\n\t\t\t\t\t\t\t<div class=\"elementor-widget-wrap\">\n\t\t\t\t\t\t<div class=\"elementor-element elementor-element-b4fd7c1 elementor-widget elementor-widget-heading\" data-id=\"b4fd7c1\" data-element_type=\"widget\" data-widget_type=\"heading.default\">\n\t\t\t\t<div class=\"elementor-widget-container\">\n\t\t\t<h4 class=\"elementor-heading-title elementor-size-default\">Mongen Team<\/h4>\t\t<\/div>\n\t\t\t\t<\/div>\n\t\t\t\t<div class=\"elementor-element elementor-element-b0b321a elementor-widget elementor-widget-text-editor\" data-id=\"b0b321a\" data-element_type=\"widget\" data-widget_type=\"text-editor.default\">\n\t\t\t\t<div class=\"elementor-widget-container\">\n\t\t\t\t\t\t\t\t<div class=\"elementor-text-editor elementor-clearfix\">\n\t\t\t\t<p style=\"font-weight: 400;\">\u00a0We are a team whose challenge is to cooperate in an inter and transdisciplinary matter, to act cohesively, in such a manner that cooperation, and symbiosis, take precedence over competition.<\/p><p style=\"font-weight: 400;\">Here and now!<\/p>\t\t\t\t\t<\/div>\n\t\t\t\t\t\t<\/div>\n\t\t\t\t<\/div>\n\t\t\t\t<div class=\"elementor-element elementor-element-7d8d140 elementor-align-left elementor-widget elementor-widget-button\" data-id=\"7d8d140\" data-element_type=\"widget\" data-widget_type=\"button.default\">\n\t\t\t\t<div class=\"elementor-widget-container\">\n\t\t\t\t\t<div class=\"elementor-button-wrapper\">\n\t\t\t<a href=\"https:\/\/www.fmongen.org\/en\/who-we-are\/\" class=\"elementor-button-link elementor-button elementor-size-lg elementor-animation-pulse\" role=\"button\">\n\t\t\t\t\t\t<span class=\"elementor-button-content-wrapper\">\n\t\t\t\t\t\t<span class=\"elementor-button-text\">Team<\/span>\n\t\t<\/span>\n\t\t\t\t\t<\/a>\n\t\t<\/div>\n\t\t\t\t<\/div>\n\t\t\t\t<\/div>\n\t\t\t\t\t\t<\/div>\n\t\t\t\t\t<\/div>\n\t\t<\/div>\n\t\t\t\t<div class=\"elementor-column elementor-col-50 elementor-top-column elementor-element elementor-element-1e5e699\" data-id=\"1e5e699\" data-element_type=\"column\">\n\t\t\t<div class=\"elementor-column-wrap elementor-element-populated\">\n\t\t\t\t\t\t\t<div class=\"elementor-widget-wrap\">\n\t\t\t\t\t\t<div class=\"elementor-element elementor-element-161e3d5 elementor-widget elementor-widget-image\" data-id=\"161e3d5\" data-element_type=\"widget\" data-widget_type=\"image.default\">\n\t\t\t\t<div class=\"elementor-widget-container\">\n\t\t\t\t\t\t\t\t<div class=\"elementor-image\">\n\t\t\t\t\t\t\t\t\t\t\t\t<img loading=\"lazy\" decoding=\"async\" width=\"1220\" height=\"827\" src=\"https:\/\/www.fmongen.org\/wp-content\/uploads\/2023\/01\/Equipo-Mongen-Actualizado.jpg\" class=\"attachment-full size-full\" alt=\"\" srcset=\"https:\/\/www.fmongen.org\/wp-content\/uploads\/2023\/01\/Equipo-Mongen-Actualizado.jpg 1220w, https:\/\/www.fmongen.org\/wp-content\/uploads\/2023\/01\/Equipo-Mongen-Actualizado-300x203.jpg 300w, https:\/\/www.fmongen.org\/wp-content\/uploads\/2023\/01\/Equipo-Mongen-Actualizado-1024x694.jpg 1024w, https:\/\/www.fmongen.org\/wp-content\/uploads\/2023\/01\/Equipo-Mongen-Actualizado-768x521.jpg 768w\" sizes=\"auto, (max-width: 1220px) 100vw, 1220px\" \/>\t\t\t\t\t\t\t\t\t\t\t\t\t\t<\/div>\n\t\t\t\t\t\t<\/div>\n\t\t\t\t<\/div>\n\t\t\t\t\t\t<\/div>\n\t\t\t\t\t<\/div>\n\t\t<\/div>\n\t\t\t\t\t\t\t\t<\/div>\n\t\t\t\t\t<\/div>\n\t\t<\/section>\n\t\t\t\t\t\t\t\t\t<\/div>\n\t\t\t<\/div>\n\t\t\t\t\t<\/div>\n\t\t","protected":false},"excerpt":{"rendered":"<p>Mongen Foundation Mongen is a word that in Mapudungun (mapuche language) means life and life comes from the diversity between living lifeforms. Biodiversity is life! About us From an etymological point of view, ecology means the study of the home and in scientific terms it is the study of the interactions determining the distribution and [&hellip;]<\/p>\n","protected":false},"author":1,"featured_media":0,"parent":0,"menu_order":0,"comment_status":"closed","ping_status":"closed","template":"elementor_header_footer","meta":{"footnotes":""},"class_list":["post-7013","page","type-page","status-publish","hentry"],"_links":{"self":[{"href":"https:\/\/www.fmongen.org\/index.php?rest_route=\/wp\/v2\/pages\/7013","targetHints":{"allow":["GET"]}}],"collection":[{"href":"https:\/\/www.fmongen.org\/index.php?rest_route=\/wp\/v2\/pages"}],"about":[{"href":"https:\/\/www.fmongen.org\/index.php?rest_route=\/wp\/v2\/types\/page"}],"author":[{"embeddable":true,"href":"https:\/\/www.fmongen.org\/index.php?rest_route=\/wp\/v2\/users\/1"}],"replies":[{"embeddable":true,"href":"https:\/\/www.fmongen.org\/index.php?rest_route=%2Fwp%2Fv2%2Fcomments&post=7013"}],"version-history":[{"count":53,"href":"https:\/\/www.fmongen.org\/index.php?rest_route=\/wp\/v2\/pages\/7013\/revisions"}],"predecessor-version":[{"id":8807,"href":"https:\/\/www.fmongen.org\/index.php?rest_route=\/wp\/v2\/pages\/7013\/revisions\/8807"}],"wp:attachment":[{"href":"https:\/\/www.fmongen.org\/index.php?rest_route=%2Fwp%2Fv2%2Fmedia&parent=7013"}],"curies":[{"name":"wp","href":"https:\/\/api.w.org\/{rel}","templated":true}]}}